{"id":1024,"date":"2021-04-28T13:07:31","date_gmt":"2021-04-28T11:07:31","guid":{"rendered":"https:\/\/www.sentiero-botanico.ch\/?page_id=1024"},"modified":"2022-01-26T18:35:21","modified_gmt":"2022-01-26T17:35:21","slug":"anreise","status":"publish","type":"page","link":"https:\/\/www.sentiero-botanico.ch\/it\/anreise\/","title":{"rendered":""},"content":{"rendered":"<h4>Anreise von Poschiavo her<\/h4>\n<p>Der Sentiero Botanico beginnt bei der Alp Albert\u00fcsc auf 2089 m und endet auf 2597 m H\u00f6he. Um zur Alp Albert\u00fcsc zu gelangen, muss man ab Poschiavo der unten in der Karte markierten Strasse folgen. Mit dem Auto dauert die Fahrt ca. 25 min.<\/p>\n<p>In Poschiavo f\u00e4hrt man in Richtung Spital, dann weiter Richtung Cologna. Von da aus dem Wegweiser Richtung Alp Albert\u00fcsc folgen, bis man auf ca. 2000 m den Parkplatz kurz vor der Alp&nbsp; erreicht.&nbsp;Von hier aus geht es zu Fuss weiter.<\/p>\n<p>Links von der Alp beginnt der Sentiero Botanico Sassalbo. Dieser wird mit einer Informationstafel vorgestellt und er folgt anfangs dem offiziellen &#8220;Sentiero&#8221;. Dieser &#8220;Sentiero&#8221;&nbsp; f\u00fchrt etwa nach einer Wanderstunde nach rechts, Richtung Forcola di Sassiglion. Unser Sentiero Botanico f\u00fchrt von da an jedoch nach links. Er ist hier mit einer kleinen Informationstafel markiert. Von diesem Zeitpunkt an befindet man sich auf einem alpinen Wanderweg. Das bedeutet, dass dieser schwieriger zu begehen ist und an einigen Stellen loses Ger\u00f6ll den Weg erschwert. Der Sentiero Botanico wird nebst den drei Informationstafeln auch durch Steinm\u00e4nnchen&nbsp;im letzten Abschnitt&nbsp;gekennzeichnet.<\/p>\n<figure>\n\t\t\t\t\t\t\t\t\t\t<img width=\"768\" height=\"1024\" src=\"https:\/\/www.sentiero-botanico.ch\/wp-content\/uploads\/2021\/07\/IMG_7783-768x1024.jpg\" alt=\"\" loading=\"lazy\" srcset=\"https:\/\/www.sentiero-botanico.ch\/wp-content\/uploads\/2021\/07\/IMG_7783-768x1024.jpg 768w, https:\/\/www.sentiero-botanico.ch\/wp-content\/uploads\/2021\/07\/IMG_7783-225x300.jpg 225w, https:\/\/www.sentiero-botanico.ch\/wp-content\/uploads\/2021\/07\/IMG_7783-1152x1536.jpg 1152w, https:\/\/www.sentiero-botanico.ch\/wp-content\/uploads\/2021\/07\/IMG_7783-1536x2048.jpg 1536w, https:\/\/www.sentiero-botanico.ch\/wp-content\/uploads\/2021\/07\/IMG_7783-scaled.jpg 1920w\" sizes=\"(max-width: 768px) 100vw, 768px\"><figcaption>erste Informationstafel bei der Alp Albert\u00fcsc<\/figcaption><\/figure>\n<figure>\n\t\t\t\t\t\t\t\t\t\t<img width=\"768\" height=\"576\" src=\"https:\/\/www.sentiero-botanico.ch\/wp-content\/uploads\/2021\/08\/IMG_7370-768x576.jpeg\" alt=\"\" loading=\"lazy\" srcset=\"https:\/\/www.sentiero-botanico.ch\/wp-content\/uploads\/2021\/08\/IMG_7370-768x576.jpeg 768w, https:\/\/www.sentiero-botanico.ch\/wp-content\/uploads\/2021\/08\/IMG_7370-300x225.jpeg 300w, https:\/\/www.sentiero-botanico.ch\/wp-content\/uploads\/2021\/08\/IMG_7370-1024x768.jpeg 1024w, https:\/\/www.sentiero-botanico.ch\/wp-content\/uploads\/2021\/08\/IMG_7370-1536x1152.jpeg 1536w, https:\/\/www.sentiero-botanico.ch\/wp-content\/uploads\/2021\/08\/IMG_7370-2048x1536.jpeg 2048w\" sizes=\"(max-width: 768px) 100vw, 768px\"><figcaption>zweite Informationstafel, ab hier links weitergehen<\/figcaption><\/figure>\n<figure>\n\t\t\t\t\t\t\t\t\t\t<img width=\"1024\" height=\"765\" src=\"https:\/\/www.sentiero-botanico.ch\/wp-content\/uploads\/2021\/08\/2a4acb88-0deb-47f1-a875-427ef8d27c1c-1024x765.jpeg\" alt=\"\" loading=\"lazy\" srcset=\"https:\/\/www.sentiero-botanico.ch\/wp-content\/uploads\/2021\/08\/2a4acb88-0deb-47f1-a875-427ef8d27c1c-1024x765.jpeg 1024w, https:\/\/www.sentiero-botanico.ch\/wp-content\/uploads\/2021\/08\/2a4acb88-0deb-47f1-a875-427ef8d27c1c-300x224.jpeg 300w, https:\/\/www.sentiero-botanico.ch\/wp-content\/uploads\/2021\/08\/2a4acb88-0deb-47f1-a875-427ef8d27c1c-768x574.jpeg 768w, https:\/\/www.sentiero-botanico.ch\/wp-content\/uploads\/2021\/08\/2a4acb88-0deb-47f1-a875-427ef8d27c1c.jpeg 1536w\" sizes=\"(max-width: 1024px) 100vw, 1024px\"><figcaption>dritte und letzte Informationstafel am Ziel auf 2597 m \u00fc. M.<\/figcaption><\/figure>\n<p><iframe frameborder=\"0\" scrolling=\"no\" marginheight=\"0\" marginwidth=\"0\" src=\"https:\/\/maps.google.com\/maps?q=Piz%20Sassalbo%20Poschiavo%20&amp;t=m&amp;z=11&amp;output=embed&amp;iwloc=near\" title=\"%3$s\" aria-label=\"%3$s\"><\/iframe><\/p>\n<figure>\n\t\t\t\t\t\t\t\t\t\t<img width=\"1200\" height=\"844\" src=\"https:\/\/www.sentiero-botanico.ch\/wp-content\/uploads\/2021\/01\/Anreise--2048x1441.jpg\" alt=\"\" loading=\"lazy\" srcset=\"https:\/\/www.sentiero-botanico.ch\/wp-content\/uploads\/2021\/01\/Anreise--2048x1441.jpg 2048w, https:\/\/www.sentiero-botanico.ch\/wp-content\/uploads\/2021\/01\/Anreise--300x211.jpg 300w, https:\/\/www.sentiero-botanico.ch\/wp-content\/uploads\/2021\/01\/Anreise--1024x720.jpg 1024w, https:\/\/www.sentiero-botanico.ch\/wp-content\/uploads\/2021\/01\/Anreise--768x540.jpg 768w, https:\/\/www.sentiero-botanico.ch\/wp-content\/uploads\/2021\/01\/Anreise--1536x1081.jpg 1536w\" sizes=\"(max-width: 1200px) 100vw, 1200px\"><figcaption>Fahrstrasse von Poschiavo bis Albert\u00fcsc<\/figcaption><\/figure>\n<figure>\n\t\t\t\t\t\t\t\t\t\t<img width=\"393\" height=\"484\" src=\"https:\/\/www.sentiero-botanico.ch\/wp-content\/uploads\/2020\/12\/sentiero-botanico-Sassalbo.jpeg\" alt=\"\" loading=\"lazy\" srcset=\"https:\/\/www.sentiero-botanico.ch\/wp-content\/uploads\/2020\/12\/sentiero-botanico-Sassalbo.jpeg 393w, https:\/\/www.sentiero-botanico.ch\/wp-content\/uploads\/2020\/12\/sentiero-botanico-Sassalbo-244x300.jpeg 244w\" sizes=\"(max-width: 393px) 100vw, 393px\"><figcaption>botanischer Wanderweg<\/figcaption><\/figure>\n<p><a href=\"https:\/\/www.sentiero-botanico.ch\/datenschutz\/\" role=\"button\"><br \/>\nDatenschutz<br \/>\n<\/a><br \/>\n<a href=\"https:\/\/www.sentiero-botanico.ch\/copyrightsentiero-botanico-ch\/\" role=\"button\"><br \/>\nCopyright<br \/>\n<\/a><\/p>\n","protected":false},"excerpt":{"rendered":"<p>Anreise von Poschiavo her Der Sentiero Botanico beginnt bei der Alp Albert\u00fcsc auf 2089 m und endet auf 2597 m H\u00f6he. Um zur Alp Albert\u00fcsc zu gelangen, muss man ab Poschiavo der unten in der Karte markierten Strasse folgen. Mit dem Auto dauert die Fahrt ca. 25 min. In Poschiavo f\u00e4hrt man in Richtung Spital, [&hellip;]<\/p>\n","protected":false},"author":1,"featured_media":0,"parent":0,"menu_order":0,"comment_status":"closed","ping_status":"closed","template":"","meta":[],"translation":{"provider":"WPGlobus","version":"2.8.1","language":"it","enabled_languages":["de","it"],"languages":{"de":{"title":false,"content":true,"excerpt":false},"it":{"title":false,"content":false,"excerpt":false}}},"_links":{"self":[{"href":"https:\/\/www.sentiero-botanico.ch\/it\/wp-json\/wp\/v2\/pages\/1024"}],"collection":[{"href":"https:\/\/www.sentiero-botanico.ch\/it\/wp-json\/wp\/v2\/pages"}],"about":[{"href":"https:\/\/www.sentiero-botanico.ch\/it\/wp-json\/wp\/v2\/types\/page"}],"author":[{"embeddable":true,"href":"https:\/\/www.sentiero-botanico.ch\/it\/wp-json\/wp\/v2\/users\/1"}],"replies":[{"embeddable":true,"href":"https:\/\/www.sentiero-botanico.ch\/it\/wp-json\/wp\/v2\/comments?post=1024"}],"version-history":[{"count":180,"href":"https:\/\/www.sentiero-botanico.ch\/it\/wp-json\/wp\/v2\/pages\/1024\/revisions"}],"predecessor-version":[{"id":3093,"href":"https:\/\/www.sentiero-botanico.ch\/it\/wp-json\/wp\/v2\/pages\/1024\/revisions\/3093"}],"wp:attachment":[{"href":"https:\/\/www.sentiero-botanico.ch\/it\/wp-json\/wp\/v2\/media?parent=1024"}],"curies":[{"name":"wp","href":"https:\/\/api.w.org\/{rel}","templated":true}]}}