{"id":1154,"date":"2021-04-28T19:16:27","date_gmt":"2021-04-28T17:16:27","guid":{"rendered":"https:\/\/www.sentiero-botanico.ch\/?page_id=1154"},"modified":"2022-01-26T18:38:59","modified_gmt":"2022-01-26T17:38:59","slug":"literaturverzeichnis","status":"publish","type":"page","link":"https:\/\/www.sentiero-botanico.ch\/it\/literaturverzeichnis\/","title":{"rendered":"Literaturverzeichnis"},"content":{"rendered":"<h4>Elenco delle fonti<\/h4>\n<h3><strong>I seguenti libri sono stati utilizzati per determinare tutte le informazioni sulla flora:<\/strong><\/h3>\n<ul>\n<li>Landolt , E., Aeschimann, D., B\u00e4umler , B., &amp; Rasolofo, N. (2015). <i>Unsere Alpenflora: Ein Pflanzenf\u00fchrer f\u00fcr Wanderer und Bergsteiger<\/i>. Bern: SAC-Verlag.<\/li>\n<li>Lauber, K., Wagner, G., &amp; Gygax, A. (2018). <i>Flora Helvetica: Illustrierte Flora der Schweiz<\/i>&nbsp;(Vol. 6). Bern: Haupt Verlag.<\/li>\n<li>Mertz, P. (2017). <i>Alpenpflanzen in ihren Lebensr\u00e4umen<\/i> (Vol. 2). Bern: Haupt Verlag.<\/li>\n<\/ul>\n<h3>&nbsp;<\/h3>\n<h3><strong>I seguenti libri e documenti sono stati utilizzati per la documentazione del sentiero:<\/strong><\/h3>\n<ul>\n<li><i>Amt f\u00fcr Natur und Umwelt.<\/i> (18 aprile 2021). Recuperato da https:\/\/map.geo.gr.ch\/gr_webmaps\/wsgi\/theme\/Biotop-%20und%20Landschaftsinventar recuperato il 21.04.2021<\/li>\n<li>Butz, R. (1995). <i>Gew\u00f6hnlich aber gilt der Besuch dem Sassalbo: <\/i>Tourismus und Alpinismus.&nbsp;<i>B\u00fcndner Monatsblatt: Zeitschrift f\u00fcr B\u00fcndner<\/i>&nbsp;<i>Geschichte, Landeskunde und Baukultur,<\/i> 3, pp. 201-256.<\/li>\n<\/ul>\n<h3><strong>Quanto segue si applica a tutte le foto in tutto il sito web:<\/strong><\/h3>\n<ul>\n<li>Tutte le foto sono autocostruite, per questo non sono disponibili o necessarie altre fonti.&nbsp;<\/li>\n<\/ul>\n<p><a href=\"https:\/\/www.sentiero-botanico.ch\/datenschutz\/\" role=\"button\"><br \/>\nDatenschutz<br \/>\n<\/a><br \/>\n<a href=\"https:\/\/www.sentiero-botanico.ch\/copyrightsentiero-botanico-ch\/\" role=\"button\"><br \/>\nCopyright<br \/>\n<\/a><\/p>\n","protected":false},"excerpt":{"rendered":"<p>Elenco delle fonti I seguenti libri sono stati utilizzati per determinare tutte le informazioni sulla flora: Landolt , E., Aeschimann, D., B\u00e4umler , B., &amp; Rasolofo, N. (2015). Unsere Alpenflora: Ein Pflanzenf\u00fchrer f\u00fcr Wanderer und Bergsteiger. Bern: SAC-Verlag. Lauber, K., Wagner, G., &amp; Gygax, A. (2018). Flora Helvetica: Illustrierte Flora der Schweiz&nbsp;(Vol. 6). Bern: Haupt [&hellip;]<\/p>\n","protected":false},"author":1,"featured_media":0,"parent":0,"menu_order":0,"comment_status":"closed","ping_status":"closed","template":"","meta":[],"translation":{"provider":"WPGlobus","version":"2.8.1","language":"it","enabled_languages":["de","it"],"languages":{"de":{"title":true,"content":true,"excerpt":false},"it":{"title":true,"content":false,"excerpt":false}}},"_links":{"self":[{"href":"https:\/\/www.sentiero-botanico.ch\/it\/wp-json\/wp\/v2\/pages\/1154"}],"collection":[{"href":"https:\/\/www.sentiero-botanico.ch\/it\/wp-json\/wp\/v2\/pages"}],"about":[{"href":"https:\/\/www.sentiero-botanico.ch\/it\/wp-json\/wp\/v2\/types\/page"}],"author":[{"embeddable":true,"href":"https:\/\/www.sentiero-botanico.ch\/it\/wp-json\/wp\/v2\/users\/1"}],"replies":[{"embeddable":true,"href":"https:\/\/www.sentiero-botanico.ch\/it\/wp-json\/wp\/v2\/comments?post=1154"}],"version-history":[{"count":92,"href":"https:\/\/www.sentiero-botanico.ch\/it\/wp-json\/wp\/v2\/pages\/1154\/revisions"}],"predecessor-version":[{"id":2874,"href":"https:\/\/www.sentiero-botanico.ch\/it\/wp-json\/wp\/v2\/pages\/1154\/revisions\/2874"}],"wp:attachment":[{"href":"https:\/\/www.sentiero-botanico.ch\/it\/wp-json\/wp\/v2\/media?parent=1154"}],"curies":[{"name":"wp","href":"https:\/\/api.w.org\/{rel}","templated":true}]}}