{"id":167,"date":"2020-12-28T13:00:05","date_gmt":"2020-12-28T12:00:05","guid":{"rendered":"https:\/\/www.sentiero-botanico.ch\/?page_id=167"},"modified":"2022-02-05T18:12:02","modified_gmt":"2022-02-05T17:12:02","slug":"lage","status":"publish","type":"page","link":"https:\/\/www.sentiero-botanico.ch\/it\/lage\/","title":{"rendered":"Lage"},"content":{"rendered":"<p>Auf folgenden Unterseiten finden Sie weitere Informationen zum Sentiero Botanico Sassalbo.<\/p>\n<ul>\n<li>Unter der Repubrik <em>Landschaftstypen <\/em>k\u00f6nnen Sie sehen, wie die einzelnen Etappen des Sentiero Botanico aufgebaut sind und wie die \u00f6kologischen und geologischen Verh\u00e4ltnisse entlang des Weges aussehen.<\/li>\n<li>Unter <em>H\u00f6henprofil <\/em>wird die L\u00e4nge des Wegs aufgezeigt, die H\u00f6henmeter, die gemacht werden und die ben\u00f6tigte Zeit f\u00fcr diese Wanderung.<\/li>\n<\/ul>\n<p>\t\t\t<a href=\"https:\/\/sentiero-botanico.ch\/wordpress\/datenschutz\/\" role=\"button\"><br \/>\n\t\t\t\t\t\tDatenschutz<br \/>\n\t\t\t\t\t<\/a><br \/>\n\t\t\t<a href=\"https:\/\/sentiero-botanico.ch\/wordpress\/copyrightsentiero-botanico-ch\/\" role=\"button\"><br \/>\n\t\t\t\t\t\tCopyright<br \/>\n\t\t\t\t\t<\/a><\/p>\n","protected":false},"excerpt":{"rendered":"<p>Auf folgenden Unterseiten finden Sie weitere Informationen zum Sentiero Botanico Sassalbo. Unter der Repubrik Landschaftstypen k\u00f6nnen Sie sehen, wie die einzelnen Etappen des Sentiero Botanico aufgebaut sind und wie die \u00f6kologischen und geologischen Verh\u00e4ltnisse entlang des Weges aussehen. Unter H\u00f6henprofil wird die L\u00e4nge des Wegs aufgezeigt, die H\u00f6henmeter, die gemacht werden und die ben\u00f6tigte Zeit [&hellip;]<\/p>\n","protected":false},"author":1,"featured_media":0,"parent":0,"menu_order":0,"comment_status":"closed","ping_status":"closed","template":"","meta":[],"translation":{"provider":"WPGlobus","version":"2.8.1","language":"it","enabled_languages":["de","it"],"languages":{"de":{"title":true,"content":true,"excerpt":false},"it":{"title":true,"content":false,"excerpt":false}}},"_links":{"self":[{"href":"https:\/\/www.sentiero-botanico.ch\/it\/wp-json\/wp\/v2\/pages\/167"}],"collection":[{"href":"https:\/\/www.sentiero-botanico.ch\/it\/wp-json\/wp\/v2\/pages"}],"about":[{"href":"https:\/\/www.sentiero-botanico.ch\/it\/wp-json\/wp\/v2\/types\/page"}],"author":[{"embeddable":true,"href":"https:\/\/www.sentiero-botanico.ch\/it\/wp-json\/wp\/v2\/users\/1"}],"replies":[{"embeddable":true,"href":"https:\/\/www.sentiero-botanico.ch\/it\/wp-json\/wp\/v2\/comments?post=167"}],"version-history":[{"count":76,"href":"https:\/\/www.sentiero-botanico.ch\/it\/wp-json\/wp\/v2\/pages\/167\/revisions"}],"predecessor-version":[{"id":3198,"href":"https:\/\/www.sentiero-botanico.ch\/it\/wp-json\/wp\/v2\/pages\/167\/revisions\/3198"}],"wp:attachment":[{"href":"https:\/\/www.sentiero-botanico.ch\/it\/wp-json\/wp\/v2\/media?parent=167"}],"curies":[{"name":"wp","href":"https:\/\/api.w.org\/{rel}","templated":true}]}}