{"id":175,"date":"2020-12-28T13:02:40","date_gmt":"2020-12-28T12:02:40","guid":{"rendered":"https:\/\/www.sentiero-botanico.ch\/?page_id=175"},"modified":"2022-01-26T18:35:35","modified_gmt":"2022-01-26T17:35:35","slug":"dank-und-sponsoren","status":"publish","type":"page","link":"https:\/\/www.sentiero-botanico.ch\/it\/dank-und-sponsoren\/","title":{"rendered":"Dank und Sponsoren"},"content":{"rendered":"<h4>Dank<\/h4>\n<p>F\u00fcr die Entstehung und Gestaltung dieser Website und des Sentiero Botanico Sassalbo bin ich vielen Menschen f\u00fcr die grosse Hilfe dankbar.&nbsp;&nbsp;Ihnen gilt ein herzliches Dankesch\u00f6n daf\u00fcr, dass sie mir in den verschiedensten Dingen behilflich waren, sodass diese Website und der Sentiero Botanico Sassalbo schliesslich als erfolgreiches Endprodukt meiner Maturaarbeit realisiert werden konnten.&nbsp;<\/p>\n<p>Dieser Dank geht an:<\/p>\n<ul>\n<li>Valposchiavo Turismo, namentlich an den Direktor Herrn Kaspar Howald, der die Finanzierung dieser Website und der Informationstafeln unterst\u00fctzt hat.&nbsp;<\/li>\n<li>Frau Maura Tonolla, welche die Verkn\u00fcpfung dieser Website mit der von Valposchiavo Turismo m\u00f6glich gemacht hat.&nbsp;<\/li>\n<li>Herrn Diego Battilana, F\u00f6rster von der Valposchiavo. Dank ihm konnten die drei Informationstafeln entlang des Wanderweges errichtet werden.<\/li>\n<li>die Firma Signal+, aus Bonaduz, welche die drei Informationstafeln produziert hat.<\/li>\n<li>an meine Betreuungsperson Herrn Fabio Fossati, der mir bei allen Fragen hilfreich zur Seite stand.<\/li>\n<li>und an meine Familie, welche mich bei vielen Fragen und insbesondere auch beim Fotografieren der Blumen unterst\u00fctzt hat.<\/li>\n<\/ul>\n<p>\t\t\t<a href=\"https:\/\/www.valposchiavo.ch\/de\/17-planen\/uebernachten?gclid=EAIaIQobChMItMG0zvaF8gIVGKp3Ch19VwMrEAAYASAAEgLGy_D_BwE\" target=\"_blank\" role=\"button\" rel=\"noopener\"><br \/>\n\t\t\t\t\t\tHier klicken, um zu Valposchiavo Turismo zu gelangen: valposchiavo.ch<br \/>\n\t\t\t\t\t<\/a><br \/>\n\t\t\t<a href=\"https:\/\/www.sentiero-botanico.ch\/datenschutz\/\" role=\"button\"><br \/>\n\t\t\t\t\t\tDatenschutz<br \/>\n\t\t\t\t\t<\/a><br \/>\n\t\t\t<a href=\"https:\/\/www.sentiero-botanico.ch\/copyrightsentiero-botanico-ch\/\" role=\"button\"><br \/>\n\t\t\t\t\t\tCopyright<br \/>\n\t\t\t\t\t<\/a><\/p>\n","protected":false},"excerpt":{"rendered":"<p>Dank F\u00fcr die Entstehung und Gestaltung dieser Website und des Sentiero Botanico Sassalbo bin ich vielen Menschen f\u00fcr die grosse Hilfe dankbar.&nbsp;&nbsp;Ihnen gilt ein herzliches Dankesch\u00f6n daf\u00fcr, dass sie mir in den verschiedensten Dingen behilflich waren, sodass diese Website und der Sentiero Botanico Sassalbo schliesslich als erfolgreiches Endprodukt meiner Maturaarbeit realisiert werden konnten.&nbsp; Dieser Dank [&hellip;]<\/p>\n","protected":false},"author":1,"featured_media":0,"parent":0,"menu_order":0,"comment_status":"closed","ping_status":"closed","template":"","meta":[],"translation":{"provider":"WPGlobus","version":"2.8.1","language":"it","enabled_languages":["de","it"],"languages":{"de":{"title":true,"content":true,"excerpt":false},"it":{"title":true,"content":false,"excerpt":false}}},"_links":{"self":[{"href":"https:\/\/www.sentiero-botanico.ch\/it\/wp-json\/wp\/v2\/pages\/175"}],"collection":[{"href":"https:\/\/www.sentiero-botanico.ch\/it\/wp-json\/wp\/v2\/pages"}],"about":[{"href":"https:\/\/www.sentiero-botanico.ch\/it\/wp-json\/wp\/v2\/types\/page"}],"author":[{"embeddable":true,"href":"https:\/\/www.sentiero-botanico.ch\/it\/wp-json\/wp\/v2\/users\/1"}],"replies":[{"embeddable":true,"href":"https:\/\/www.sentiero-botanico.ch\/it\/wp-json\/wp\/v2\/comments?post=175"}],"version-history":[{"count":118,"href":"https:\/\/www.sentiero-botanico.ch\/it\/wp-json\/wp\/v2\/pages\/175\/revisions"}],"predecessor-version":[{"id":3064,"href":"https:\/\/www.sentiero-botanico.ch\/it\/wp-json\/wp\/v2\/pages\/175\/revisions\/3064"}],"wp:attachment":[{"href":"https:\/\/www.sentiero-botanico.ch\/it\/wp-json\/wp\/v2\/media?parent=175"}],"curies":[{"name":"wp","href":"https:\/\/api.w.org\/{rel}","templated":true}]}}