{"id":211,"date":"2020-12-28T13:46:29","date_gmt":"2020-12-28T12:46:29","guid":{"rendered":"https:\/\/www.sentiero-botanico.ch\/?page_id=211"},"modified":"2022-01-26T18:37:17","modified_gmt":"2022-01-26T17:37:17","slug":"landschftstypen","status":"publish","type":"page","link":"https:\/\/www.sentiero-botanico.ch\/it\/lage\/landschftstypen\/","title":{"rendered":"Landschftstypen"},"content":{"rendered":"<h4>\u00a0<\/h4>\n<h4>\u00a0<\/h4>\n<h4>Legf\u00f6hrenwald<\/h4>\n<p>Der Weg beginnt bei der Alp Albert\u00fcsc auf 2089 m \u00fc.M. Zuerst verl\u00e4uft er ca. 200 m in \u00f6stlicher Richtung \u00fcber Alpwiesen, dann biegt er Richtung Norden ab und\u00a0 f\u00fchrt nun durch einen L\u00e4rchen-, Rottannen- und Legf\u00f6hrenwald. Danach folgt der Pfad im Charakter eines alpinen Wanderwegs \u00fcber steile Ger\u00f6llhalden aus Kalkformationen bis hin zu Gesteinen aus Glimmer- und Talkschiefer, auf welchen Bl\u00f6cke von grauem und rotem Marmor zerstreut liegen. (Butz, 1995)<\/p>\n<figure>\n\t\t\t\t\t\t\t\t\t\t<img src=\"https:\/\/www.sentiero-botanico.ch\/wp-content\/uploads\/2021\/07\/09c9b070-862e-4230-a0e9-8b1f7d57e840.jpg\" title=\"09c9b070-862e-4230-a0e9-8b1f7d57e840\" alt=\"09c9b070-862e-4230-a0e9-8b1f7d57e840\" \/><figcaption>Legf\u00f6hrenwald oberhalb von Albert\u00fcsc<\/figcaption><\/figure>\n<h4>\u00a0<\/h4>\n<h4>\u00a0<\/h4>\n<h4>Subalpine Kalkheide<\/h4>\n<p>An den Stellen, wo kein Wald vorzufinden ist, kann man Subalpine Kalkheiden antreffen. Ein Merkmal dieser ist die reichhaltige Kalkflora. Diese erkennt man anhand der Legf\u00f6hren und den bewimperten Alpenrosen. Wenn im Fr\u00fchjahr der Schnee lange liegen bleibt, kommt es zur Einwanderung der rostbl\u00e4ttrigen Alpenrose in Kalkgebieten. Die Subalpine Kalkheide ersetzt den F\u00f6hrenwald in den von Lawinen durchsetzten H\u00e4ngen. (Delarze, Gonseth, Eggenberg, &amp; Vust, 2015, S. 262)<\/p>\n<figure>\n\t\t\t\t\t\t\t\t\t\t<img width=\"768\" height=\"1024\" src=\"https:\/\/www.sentiero-botanico.ch\/wp-content\/uploads\/2021\/07\/fabd5c70-74b7-4ca2-9aa9-b2c520eab02a-768x1024.jpg\" alt=\"\" loading=\"lazy\" srcset=\"https:\/\/www.sentiero-botanico.ch\/wp-content\/uploads\/2021\/07\/fabd5c70-74b7-4ca2-9aa9-b2c520eab02a-768x1024.jpg 768w, https:\/\/www.sentiero-botanico.ch\/wp-content\/uploads\/2021\/07\/fabd5c70-74b7-4ca2-9aa9-b2c520eab02a-225x300.jpg 225w, https:\/\/www.sentiero-botanico.ch\/wp-content\/uploads\/2021\/07\/fabd5c70-74b7-4ca2-9aa9-b2c520eab02a-1152x1536.jpg 1152w, https:\/\/www.sentiero-botanico.ch\/wp-content\/uploads\/2021\/07\/fabd5c70-74b7-4ca2-9aa9-b2c520eab02a.jpg 1500w\" sizes=\"(max-width: 768px) 100vw, 768px\" \/><figcaption>Subalpine Kalkheide im Zwischenteil des Weges<\/figcaption><\/figure>\n<h4>Alpenweiden<\/h4>\n<p>Nach den Ger\u00f6llhalden gelangt man auf Alpenweiden. Diese bestehen teils aus Borstgrasrasen, teils aus Buntschwingelhalden.<\/p>\n<p>Der Borstgrasrasen ist in den Alpen weit verbreitet, besonders in silikatischen Gebieten. Er ist oft auf unged\u00fcngten Alpenweiden vorzufinden. An der Pr\u00e4senz von Arnika ist die Borstgrasweide leicht zu erkennen. (Delarze, Gonseth, Eggenberg, &amp; Vust, 2015, S. 184)<\/p>\n<p>Die Buntschwingelhalden besiedeln silikatische B\u00f6den in sonnigen Hanglagen zwischen 600 und 2700 m. (Delarze, Gonseth, Eggenberg, &amp; Vust, 2015, S. 186)<\/p>\n<p>\u00a0<\/p>\n<figure>\n\t\t\t\t\t\t\t\t\t\t<img width=\"768\" height=\"1024\" src=\"https:\/\/www.sentiero-botanico.ch\/wp-content\/uploads\/2021\/07\/75365d3a-09b4-4954-933a-77e5a94d3a5c-768x1024.jpg\" alt=\"\" loading=\"lazy\" srcset=\"https:\/\/www.sentiero-botanico.ch\/wp-content\/uploads\/2021\/07\/75365d3a-09b4-4954-933a-77e5a94d3a5c-768x1024.jpg 768w, https:\/\/www.sentiero-botanico.ch\/wp-content\/uploads\/2021\/07\/75365d3a-09b4-4954-933a-77e5a94d3a5c-225x300.jpg 225w, https:\/\/www.sentiero-botanico.ch\/wp-content\/uploads\/2021\/07\/75365d3a-09b4-4954-933a-77e5a94d3a5c-1152x1536.jpg 1152w, https:\/\/www.sentiero-botanico.ch\/wp-content\/uploads\/2021\/07\/75365d3a-09b4-4954-933a-77e5a94d3a5c.jpg 1500w\" sizes=\"(max-width: 768px) 100vw, 768px\" \/><figcaption>Alpenweiden am Fusse des Sassalbo<\/figcaption><\/figure>\n<p>\u00a0<\/p>\n<h4>\u00a0<\/h4>\n<h4>Gesteine<\/h4>\n<p>Geht man den Weg weiter, weichen diese Weiden immer mehr den Gesteinen, welche an steilen H\u00e4ngen zu finden sind. Diese bestehen von unten nach oben aus Gneis, Glimmer- und Talkschiefer, Walkquarzit, Rauhwacke, schwarzem Kalk, grauem Kalk, Dolomit, schiefrigem Kalk, grauem und rotem Marmor. (Butz, 1995)<\/p>\n<figure>\n\t\t\t\t\t\t\t\t\t\t<img width=\"768\" height=\"1024\" src=\"https:\/\/www.sentiero-botanico.ch\/wp-content\/uploads\/2021\/07\/IMG_7396-768x1024.jpeg\" alt=\"\" loading=\"lazy\" srcset=\"https:\/\/www.sentiero-botanico.ch\/wp-content\/uploads\/2021\/07\/IMG_7396-768x1024.jpeg 768w, https:\/\/www.sentiero-botanico.ch\/wp-content\/uploads\/2021\/07\/IMG_7396-225x300.jpeg 225w, https:\/\/www.sentiero-botanico.ch\/wp-content\/uploads\/2021\/07\/IMG_7396-1152x1536.jpeg 1152w, https:\/\/www.sentiero-botanico.ch\/wp-content\/uploads\/2021\/07\/IMG_7396-1536x2048.jpeg 1536w, https:\/\/www.sentiero-botanico.ch\/wp-content\/uploads\/2021\/07\/IMG_7396-scaled.jpeg 1920w\" sizes=\"(max-width: 768px) 100vw, 768px\" \/><figcaption>S\u00fcdflanke des Sassalbo, Gesteine, gut zu sehen ist der rote Marmor <\/figcaption><\/figure>\n<h4>\u00a0<\/h4>\n<h4>\u00a0<\/h4>\n<h4>Gesteinsunterlagen<\/h4>\n<p>Weiter oben findet man die Blaugrashalde, welche an sonnigen H\u00e4ngen \u00fcber einer Gesteinsunterlage aus Kalk oder Dolomit w\u00e4chst. Der Edelweiss findet hier optimale Lebensbedingungen. (Delarze, Gonseth, Eggenberg, &amp; Vust, 2015, S. 176)<\/p>\n<figure>\n\t\t\t\t\t\t\t\t\t\t<img width=\"768\" height=\"1024\" src=\"https:\/\/www.sentiero-botanico.ch\/wp-content\/uploads\/2021\/07\/IMG_7385-768x1024.jpeg\" alt=\"\" loading=\"lazy\" srcset=\"https:\/\/www.sentiero-botanico.ch\/wp-content\/uploads\/2021\/07\/IMG_7385-768x1024.jpeg 768w, https:\/\/www.sentiero-botanico.ch\/wp-content\/uploads\/2021\/07\/IMG_7385-225x300.jpeg 225w, https:\/\/www.sentiero-botanico.ch\/wp-content\/uploads\/2021\/07\/IMG_7385-1152x1536.jpeg 1152w, https:\/\/www.sentiero-botanico.ch\/wp-content\/uploads\/2021\/07\/IMG_7385-1536x2048.jpeg 1536w, https:\/\/www.sentiero-botanico.ch\/wp-content\/uploads\/2021\/07\/IMG_7385-scaled.jpeg 1920w\" sizes=\"(max-width: 768px) 100vw, 768px\" \/><figcaption>Gesteinsunterlagen im letzten Wegabschnitt kurz vor dem Aussichtspunkt auf  2597 m \u00fc. M.<\/figcaption><\/figure>\n<p>\t\t\t<a href=\"https:\/\/www.sentiero-botanico.ch\/datenschutz\/\" role=\"button\"><br \/>\n\t\t\t\t\t\tDatenschutz<br \/>\n\t\t\t\t\t<\/a><br \/>\n\t\t\t<a href=\"https:\/\/www.sentiero-botanico.ch\/copyrightsentiero-botanico-ch\/\" role=\"button\"><br \/>\n\t\t\t\t\t\tCopyright<br \/>\n\t\t\t\t\t<\/a><\/p>\n","protected":false},"excerpt":{"rendered":"<p>\u00a0 \u00a0 Legf\u00f6hrenwald Der Weg beginnt bei der Alp Albert\u00fcsc auf 2089 m \u00fc.M. Zuerst verl\u00e4uft er ca. 200 m in \u00f6stlicher Richtung \u00fcber Alpwiesen, dann biegt er Richtung Norden ab und\u00a0 f\u00fchrt nun durch einen L\u00e4rchen-, Rottannen- und Legf\u00f6hrenwald. Danach folgt der Pfad im Charakter eines alpinen Wanderwegs \u00fcber steile Ger\u00f6llhalden aus Kalkformationen bis [&hellip;]<\/p>\n","protected":false},"author":1,"featured_media":0,"parent":167,"menu_order":1,"comment_status":"closed","ping_status":"closed","template":"","meta":[],"translation":{"provider":"WPGlobus","version":"2.8.1","language":"it","enabled_languages":["de","it"],"languages":{"de":{"title":true,"content":true,"excerpt":false},"it":{"title":true,"content":false,"excerpt":false}}},"_links":{"self":[{"href":"https:\/\/www.sentiero-botanico.ch\/it\/wp-json\/wp\/v2\/pages\/211"}],"collection":[{"href":"https:\/\/www.sentiero-botanico.ch\/it\/wp-json\/wp\/v2\/pages"}],"about":[{"href":"https:\/\/www.sentiero-botanico.ch\/it\/wp-json\/wp\/v2\/types\/page"}],"author":[{"embeddable":true,"href":"https:\/\/www.sentiero-botanico.ch\/it\/wp-json\/wp\/v2\/users\/1"}],"replies":[{"embeddable":true,"href":"https:\/\/www.sentiero-botanico.ch\/it\/wp-json\/wp\/v2\/comments?post=211"}],"version-history":[{"count":162,"href":"https:\/\/www.sentiero-botanico.ch\/it\/wp-json\/wp\/v2\/pages\/211\/revisions"}],"predecessor-version":[{"id":3133,"href":"https:\/\/www.sentiero-botanico.ch\/it\/wp-json\/wp\/v2\/pages\/211\/revisions\/3133"}],"up":[{"embeddable":true,"href":"https:\/\/www.sentiero-botanico.ch\/it\/wp-json\/wp\/v2\/pages\/167"}],"wp:attachment":[{"href":"https:\/\/www.sentiero-botanico.ch\/it\/wp-json\/wp\/v2\/media?parent=211"}],"curies":[{"name":"wp","href":"https:\/\/api.w.org\/{rel}","templated":true}]}}