{"id":229,"date":"2022-01-25T14:21:45","date_gmt":"2022-01-25T13:21:45","guid":{"rendered":"https:\/\/www.sentiero-botanico.ch\/?page_id=229"},"modified":"2022-01-26T17:07:24","modified_gmt":"2022-01-26T16:07:24","slug":"einleitung","status":"publish","type":"page","link":"https:\/\/www.sentiero-botanico.ch\/it\/einleitung\/","title":{"rendered":"Einleitung"},"content":{"rendered":"<p><img width=\"1024\" height=\"330\" src=\"https:\/\/www.sentiero-botanico.ch\/wp-content\/uploads\/2021\/07\/a4d710ba-6ef2-40b7-af67-724623faa584-1024x330.jpg\" alt=\"\" loading=\"lazy\" srcset=\"https:\/\/www.sentiero-botanico.ch\/wp-content\/uploads\/2021\/07\/a4d710ba-6ef2-40b7-af67-724623faa584-1024x330.jpg 1024w, https:\/\/www.sentiero-botanico.ch\/wp-content\/uploads\/2021\/07\/a4d710ba-6ef2-40b7-af67-724623faa584-300x97.jpg 300w, https:\/\/www.sentiero-botanico.ch\/wp-content\/uploads\/2021\/07\/a4d710ba-6ef2-40b7-af67-724623faa584-768x247.jpg 768w, https:\/\/www.sentiero-botanico.ch\/wp-content\/uploads\/2021\/07\/a4d710ba-6ef2-40b7-af67-724623faa584-1536x494.jpg 1536w, https:\/\/www.sentiero-botanico.ch\/wp-content\/uploads\/2021\/07\/a4d710ba-6ef2-40b7-af67-724623faa584.jpg 2048w\" sizes=\"(max-width: 1024px) 100vw, 1024px\" \/>\t\t\t\t\t\t\t\t\t\t\t\t\t\t<\/p>\n<h4><b style=\"color: #333333; font-style: inherit; letter-spacing: 0.3px;\">Il cantico delle creature di Francesco d\u2019Assisi\u00a0<\/b><\/h4>\n<blockquote>\n<p><i>Laudato si\u2019, mi\u2019 Signore, per frate vento et per aere et nubilo et sereno et\u00a0onne tempo,<br \/>per lo quale e le tue creature d\u00e0i sustentamento.<br \/>Laudato si\u2019, mi\u2019 Signore, per sora nostra matre terra, la quale ne sustenta et governa,\u00a0<br \/>et produce diversi fructi con coloriti flori et herba. <\/i>(Redazione Studenti, 2020)<\/p>\n<\/blockquote>\n<h6>componimento di Lorenza Menghini<\/h6>\n<p>Siamo in piena estate, il sole non \u00e8 ancora sorto, ma si sente che far\u00e0 una giornata splendida perch\u00e9 non si vede una nuvola in cielo e i primi uccelli con il loro canto amoroso inaugurano la giornata. Mi metto gli scarponi, metto lo zaino in spalla e parto per il Sassalbo. Il sentiero serpeggiante nel prato mi porta su verso la montagna. Passo da un boschetto nel quale spira un vento abbastanza fresco e devo mettermi una felpa per non gelare. Poi ad un tratto il bosco finisce e mi trovo su un pascolo pieno di fiori dai colori stupendi, nell\u2019aria c\u2019\u00e8 un profumo che fa capire che questo \u00e8 un posto lontano da tutta la civilt\u00e0, un posto poco frequentato, ma stupendo. Poi all\u2019improvviso da vicino sento il fischio di una marmotta. Alzo gli occhi e la vedo l\u00ec, impettita su una roccia a pochi passi da me, mi fissa guardinga con i suoi occhi neri e per un attimo non si muove, poi si gira improvvisamente e sparisce in una tana tra le rocce. Mi fermo ancora a una piccola fontana e mi rinfresco con l\u2019acqua pura e fresca, poi riprendo il sentiero. Il pascolo piano piano si trasforma arido spiazzo coperto da pietrame che rende il sentiero sempre pi\u00f9 faticoso. Ed ecco che vedo la prima stella alpina nascosta tra due sassi. Poi ne vedo ancora molte altre avvicinandomi alla vetta. Questi fiori, rarissimi e bellissimi, sono un vero e proprio regalo della natura. Il sentiero Sassalbo si fa impervio e devo stare attenta a non far cadere dei sassi.\u00a0<\/p>\n<p>Ora finalmente mi trovo in cima del Sassalbo, di fianco alla croce. La vista \u00e8 magnifica, vedo tutta la val Poschiavo con il lago vicino a le Prese che sembra piccolissimo da quest\u2019altezza. Vedo la corona di montagne, il ghiacciaio del Pizzo Scalino e alcuni laghi in cui si specchia il cielo azzurro e le nuvole bianche. Chiudo gli occhi e sento il vento che mi accarezza il viso. I miei pensieri volano via e mi accorgo di come preziosa e bella \u00e8 la Terra. Sto l\u00ec per alcuni attimi senza muovermi. Respiro profondamente. Mi sento libera e sono felice di questo posto che Dio ci ha regalato.\u00a0<\/p>\n<p>\t\t\t<a href=\"https:\/\/www.sentiero-botanico.ch\/datenschutz\/\" role=\"button\"><br \/>\n\t\t\t\t\t\tDatenschutz<br \/>\n\t\t\t\t\t<\/a><br \/>\n\t\t\t<a href=\"https:\/\/www.sentiero-botanico.ch\/copyrightsentiero-botanico-ch\/\" role=\"button\"><br \/>\n\t\t\t\t\t\tCopyright<br \/>\n\t\t\t\t\t<\/a><\/p>\n","protected":false},"excerpt":{"rendered":"<p>Il cantico delle creature di Francesco d\u2019Assisi\u00a0 Laudato si\u2019, mi\u2019 Signore, per frate vento et per aere et nubilo et sereno et\u00a0onne tempo,per lo quale e le tue creature d\u00e0i sustentamento.Laudato si\u2019, mi\u2019 Signore, per sora nostra matre terra, la quale ne sustenta et governa,\u00a0et produce diversi fructi con coloriti flori et herba. (Redazione Studenti, [&hellip;]<\/p>\n","protected":false},"author":1,"featured_media":0,"parent":0,"menu_order":0,"comment_status":"closed","ping_status":"closed","template":"","meta":[],"translation":{"provider":"WPGlobus","version":"2.8.1","language":"it","enabled_languages":["de","it"],"languages":{"de":{"title":true,"content":true,"excerpt":false},"it":{"title":true,"content":true,"excerpt":false}}},"_links":{"self":[{"href":"https:\/\/www.sentiero-botanico.ch\/it\/wp-json\/wp\/v2\/pages\/229"}],"collection":[{"href":"https:\/\/www.sentiero-botanico.ch\/it\/wp-json\/wp\/v2\/pages"}],"about":[{"href":"https:\/\/www.sentiero-botanico.ch\/it\/wp-json\/wp\/v2\/types\/page"}],"author":[{"embeddable":true,"href":"https:\/\/www.sentiero-botanico.ch\/it\/wp-json\/wp\/v2\/users\/1"}],"replies":[{"embeddable":true,"href":"https:\/\/www.sentiero-botanico.ch\/it\/wp-json\/wp\/v2\/comments?post=229"}],"version-history":[{"count":133,"href":"https:\/\/www.sentiero-botanico.ch\/it\/wp-json\/wp\/v2\/pages\/229\/revisions"}],"predecessor-version":[{"id":3146,"href":"https:\/\/www.sentiero-botanico.ch\/it\/wp-json\/wp\/v2\/pages\/229\/revisions\/3146"}],"wp:attachment":[{"href":"https:\/\/www.sentiero-botanico.ch\/it\/wp-json\/wp\/v2\/media?parent=229"}],"curies":[{"name":"wp","href":"https:\/\/api.w.org\/{rel}","templated":true}]}}