{"id":274,"date":"2020-12-28T14:36:33","date_gmt":"2020-12-28T13:36:33","guid":{"rendered":"https:\/\/www.sentiero-botanico.ch\/?page_id=274"},"modified":"2022-01-26T18:37:57","modified_gmt":"2022-01-26T17:37:57","slug":"home","status":"publish","type":"page","link":"https:\/\/www.sentiero-botanico.ch\/it\/home\/","title":{"rendered":"Prefazione"},"content":{"rendered":"<h4><strong>Cara visitatrice, c<\/strong><strong>aro visitatore<\/strong><\/h4>\n<p>Mi fa piacere che voi siate sul Sentiero botanico o che voi stiate pianificando un&#8217;escursione l\u00ec. Il Sentiero botanico \u00e8 stato creato nel 2021 come parte del mio lavoro di maturit\u00e0 alla scuola cantonale di Coira. Sul sentiero marcato, vario e facile da percorrere, potrete ammirare l&#8217;eccezionale flora alpina di questa zona e conoscerla meglio. Percorrete questo sentiero botanico con occhi aperti e godetevi le numerose bellezze della natura. L&#8217;abbondanza di specie lungo il sentiero \u00e8 unica e delizier\u00e0 ogni amante della natura!<\/p>\n<p>Questo sito vi offre tante informazioni di base, soprattutto sulla flora alpina da trovare, sul suo stato di protezione, sull&#8217;ubicazione e l&#8217;esposizione o sulle condizioni del suolo esistente.<\/p>\n<p>Lorenza Menghini<\/p>\n<figure>\n\t\t\t\t\t\t\t\t\t\t<img width=\"2560\" height=\"1920\" src=\"https:\/\/www.sentiero-botanico.ch\/wp-content\/uploads\/2020\/12\/IMG_9748-2-scaled.jpg\" alt=\"\" loading=\"lazy\" srcset=\"https:\/\/www.sentiero-botanico.ch\/wp-content\/uploads\/2020\/12\/IMG_9748-2-scaled.jpg 2560w, https:\/\/www.sentiero-botanico.ch\/wp-content\/uploads\/2020\/12\/IMG_9748-2-300x225.jpg 300w, https:\/\/www.sentiero-botanico.ch\/wp-content\/uploads\/2020\/12\/IMG_9748-2-1024x768.jpg 1024w, https:\/\/www.sentiero-botanico.ch\/wp-content\/uploads\/2020\/12\/IMG_9748-2-768x576.jpg 768w, https:\/\/www.sentiero-botanico.ch\/wp-content\/uploads\/2020\/12\/IMG_9748-2-1536x1152.jpg 1536w, https:\/\/www.sentiero-botanico.ch\/wp-content\/uploads\/2020\/12\/IMG_9748-2-2048x1536.jpg 2048w\" sizes=\"(max-width: 2560px) 100vw, 2560px\"><figcaption>Il sentiero botanico da  Albert\u00fcsc fino al punto di vista verso la ValPoschiavo<\/figcaption><\/figure>\n<p><a href=\"https:\/\/www.sentiero-botanico.ch\/datenschutz\/\" role=\"button\"><br \/>\nDatenschutz<br \/>\n<\/a><br \/>\n<a href=\"https:\/\/www.sentiero-botanico.ch\/copyrightsentiero-botanico-ch\/\" role=\"button\"><br \/>\nCopyright<br \/>\n<\/a><\/p>\n","protected":false},"excerpt":{"rendered":"<p>Cara visitatrice, caro visitatore Mi fa piacere che voi siate sul Sentiero botanico o che voi stiate pianificando un&#8217;escursione l\u00ec. Il Sentiero botanico \u00e8 stato creato nel 2021 come parte del mio lavoro di maturit\u00e0 alla scuola cantonale di Coira. Sul sentiero marcato, vario e facile da percorrere, potrete ammirare l&#8217;eccezionale flora alpina di questa [&hellip;]<\/p>\n","protected":false},"author":1,"featured_media":0,"parent":0,"menu_order":0,"comment_status":"closed","ping_status":"closed","template":"","meta":[],"translation":{"provider":"WPGlobus","version":"2.8.1","language":"it","enabled_languages":["de","it"],"languages":{"de":{"title":true,"content":true,"excerpt":false},"it":{"title":true,"content":false,"excerpt":false}}},"_links":{"self":[{"href":"https:\/\/www.sentiero-botanico.ch\/it\/wp-json\/wp\/v2\/pages\/274"}],"collection":[{"href":"https:\/\/www.sentiero-botanico.ch\/it\/wp-json\/wp\/v2\/pages"}],"about":[{"href":"https:\/\/www.sentiero-botanico.ch\/it\/wp-json\/wp\/v2\/types\/page"}],"author":[{"embeddable":true,"href":"https:\/\/www.sentiero-botanico.ch\/it\/wp-json\/wp\/v2\/users\/1"}],"replies":[{"embeddable":true,"href":"https:\/\/www.sentiero-botanico.ch\/it\/wp-json\/wp\/v2\/comments?post=274"}],"version-history":[{"count":225,"href":"https:\/\/www.sentiero-botanico.ch\/it\/wp-json\/wp\/v2\/pages\/274\/revisions"}],"predecessor-version":[{"id":3181,"href":"https:\/\/www.sentiero-botanico.ch\/it\/wp-json\/wp\/v2\/pages\/274\/revisions\/3181"}],"wp:attachment":[{"href":"https:\/\/www.sentiero-botanico.ch\/it\/wp-json\/wp\/v2\/media?parent=274"}],"curies":[{"name":"wp","href":"https:\/\/api.w.org\/{rel}","templated":true}]}}